{"id":89,"date":"2021-11-13T11:24:46","date_gmt":"2021-11-13T11:24:46","guid":{"rendered":"https:\/\/nueva-pagina2021.ceamos.org\/?page_id=89"},"modified":"2021-12-05T10:16:50","modified_gmt":"2021-12-05T10:16:50","slug":"agricultura-urbana","status":"publish","type":"page","link":"https:\/\/nueva-pagina2021.ceamos.org\/index.php\/agricultura-urbana\/","title":{"rendered":"Agroecolog\u00eda Urbana"},"content":{"rendered":"\t\t<div data-elementor-type=\"wp-page\" data-elementor-id=\"89\" class=\"elementor elementor-89\" data-elementor-settings=\"[]\">\n\t\t\t\t\t\t\t<div class=\"elementor-section-wrap\">\n\t\t\t\t\t\t\t<section class=\"elementor-section elementor-top-section elementor-element elementor-element-17b9bdf elementor-section-stretched elementor-section-boxed elementor-section-height-default elementor-section-height-default\" data-id=\"17b9bdf\" data-element_type=\"section\" data-settings=\"{&quot;stretch_section&quot;:&quot;section-stretched&quot;,&quot;background_background&quot;:&quot;slideshow&quot;,&quot;background_slideshow_gallery&quot;:[{&quot;id&quot;:237,&quot;url&quot;:&quot;https:\\\/\\\/nueva-pagina2021.ceamos.org\\\/wp-content\\\/uploads\\\/2021\\\/11\\\/Imagen.jpg&quot;}],&quot;background_slideshow_loop&quot;:&quot;yes&quot;,&quot;background_slideshow_slide_duration&quot;:5000,&quot;background_slideshow_slide_transition&quot;:&quot;fade&quot;,&quot;background_slideshow_transition_duration&quot;:500}\">\n\t\t\t\t\t\t<div class=\"elementor-container elementor-column-gap-no\">\n\t\t\t\t\t<div class=\"elementor-column elementor-col-100 elementor-top-column elementor-element elementor-element-ecc7495\" data-id=\"ecc7495\" data-element_type=\"column\">\n\t\t\t<div class=\"elementor-widget-wrap\">\n\t\t\t\t\t\t\t\t\t<\/div>\n\t\t<\/div>\n\t\t\t\t\t\t\t<\/div>\n\t\t<\/section>\n\t\t\t\t<section class=\"elementor-section elementor-top-section elementor-element elementor-element-cf83c79 elementor-section-boxed elementor-section-height-default elementor-section-height-default\" data-id=\"cf83c79\" data-element_type=\"section\">\n\t\t\t\t\t\t<div class=\"elementor-container elementor-column-gap-default\">\n\t\t\t\t\t<div class=\"elementor-column elementor-col-100 elementor-top-column elementor-element elementor-element-ee47cac\" data-id=\"ee47cac\" data-element_type=\"column\">\n\t\t\t<div class=\"elementor-widget-wrap elementor-element-populated\">\n\t\t\t\t\t\t\t\t<div class=\"elementor-element elementor-element-480fe8d elementor-widget elementor-widget-spacer\" data-id=\"480fe8d\" data-element_type=\"widget\" data-widget_type=\"spacer.default\">\n\t\t\t\t<div class=\"elementor-widget-container\">\n\t\t\t\t\t<div class=\"elementor-spacer\">\n\t\t\t<div class=\"elementor-spacer-inner\"><\/div>\n\t\t<\/div>\n\t\t\t\t<\/div>\n\t\t\t\t<\/div>\n\t\t\t\t\t<\/div>\n\t\t<\/div>\n\t\t\t\t\t\t\t<\/div>\n\t\t<\/section>\n\t\t\t\t<section class=\"elementor-section elementor-top-section elementor-element elementor-element-b8acdbf elementor-section-stretched elementor-section-boxed elementor-section-height-default elementor-section-height-default\" data-id=\"b8acdbf\" data-element_type=\"section\" data-settings=\"{&quot;stretch_section&quot;:&quot;section-stretched&quot;,&quot;background_background&quot;:&quot;classic&quot;}\">\n\t\t\t\t\t\t<div class=\"elementor-container elementor-column-gap-default\">\n\t\t\t\t\t<div class=\"elementor-column elementor-col-50 elementor-top-column elementor-element elementor-element-9bd5e43\" data-id=\"9bd5e43\" data-element_type=\"column\">\n\t\t\t<div class=\"elementor-widget-wrap elementor-element-populated\">\n\t\t\t\t\t\t\t\t<div class=\"elementor-element elementor-element-b6ac73a elementor-widget elementor-widget-heading\" data-id=\"b6ac73a\" data-element_type=\"widget\" data-widget_type=\"heading.default\">\n\t\t\t\t<div class=\"elementor-widget-container\">\n\t\t\t<h2 class=\"elementor-heading-title elementor-size-default\">Agricultura Urbana<\/h2>\t\t<\/div>\n\t\t\t\t<\/div>\n\t\t\t\t<div class=\"elementor-element elementor-element-714bf67 elementor-widget elementor-widget-text-editor\" data-id=\"714bf67\" data-element_type=\"widget\" data-widget_type=\"text-editor.default\">\n\t\t\t\t<div class=\"elementor-widget-container\">\n\t\t\t\t\t\t\t<p>CEAMOS est\u00e1 trabajando en agroecolog\u00eda urbana desde el 2004 en Bogot\u00e1 impulsando huertas familiares, escolares y comunitarias.\u00a0 Las huertas apoyan la restauraci\u00f3n suelos urbanos disponibles, proveer alimentos y agregar un valor ambiental, econ\u00f3mico, social y paisaj\u00edstico al conjunto habitacional de la ciudad.\u00a0<\/p><p>En las huertas se impulsa la siembra de plantas andinas, se incorporan tecnolog\u00edas limpias tales como la elaboraci\u00f3n de biofertilizantes, el uso de residuos org\u00e1nicos, el manejo de aguas lluvias, la conservaci\u00f3n y el manejo de semillas, entre otros.\u00a0<\/p><p>La Asociaci\u00f3n enfatiza la actividad gastron\u00f3mica a trav\u00e9s del rescate de recetas tradicionales y la experimentaci\u00f3n con otras nuevas a partir de lo que producen las huertas. Los conceptos y metodolog\u00edas de estas experiencias han quedado registradas en dos materiales pedag\u00f3gicos:\u00a0<em>Agricultura Urbana<\/em>\u00a0y\u00a0<em>Seguridad Alimentaria y Culinaria Popular.<\/em><\/p>\t\t\t\t\t\t<\/div>\n\t\t\t\t<\/div>\n\t\t\t\t\t<\/div>\n\t\t<\/div>\n\t\t\t\t<div class=\"elementor-column elementor-col-50 elementor-top-column elementor-element elementor-element-c2bb7dc\" data-id=\"c2bb7dc\" data-element_type=\"column\">\n\t\t\t<div class=\"elementor-widget-wrap elementor-element-populated\">\n\t\t\t\t\t\t\t\t<div class=\"elementor-element elementor-element-3a29b52 elementor-widget elementor-widget-spacer\" data-id=\"3a29b52\" data-element_type=\"widget\" data-widget_type=\"spacer.default\">\n\t\t\t\t<div class=\"elementor-widget-container\">\n\t\t\t\t\t<div class=\"elementor-spacer\">\n\t\t\t<div class=\"elementor-spacer-inner\"><\/div>\n\t\t<\/div>\n\t\t\t\t<\/div>\n\t\t\t\t<\/div>\n\t\t\t\t<div class=\"elementor-element elementor-element-136a880 elementor-widget elementor-widget-image\" data-id=\"136a880\" data-element_type=\"widget\" data-widget_type=\"image.default\">\n\t\t\t\t<div class=\"elementor-widget-container\">\n\t\t\t\t\t\t\t\t\t\t\t\t\t\t\t<img decoding=\"async\" src=\"https:\/\/nueva-pagina2021.ceamos.org\/wp-content\/plugins\/elementor\/assets\/images\/placeholder.png\" title=\"\" alt=\"\" \/>\t\t\t\t\t\t\t\t\t\t\t\t\t\t\t<\/div>\n\t\t\t\t<\/div>\n\t\t\t\t<div class=\"elementor-element elementor-element-a646d05 elementor-tabs-view-horizontal elementor-widget elementor-widget-tabs\" data-id=\"a646d05\" data-element_type=\"widget\" data-widget_type=\"tabs.default\">\n\t\t\t\t<div class=\"elementor-widget-container\">\n\t\t\t\t\t<div class=\"elementor-tabs\">\n\t\t\t<div class=\"elementor-tabs-wrapper\" role=\"tablist\" >\n\t\t\t\t\t\t\t\t\t<div id=\"elementor-tab-title-1741\" class=\"elementor-tab-title elementor-tab-desktop-title\" aria-selected=\"true\" data-tab=\"1\" role=\"tab\" tabindex=\"0\" aria-controls=\"elementor-tab-content-1741\" aria-expanded=\"false\">Proyectos desarrollados<\/div>\n\t\t\t\t\t\t\t\t\t<div id=\"elementor-tab-title-1742\" class=\"elementor-tab-title elementor-tab-desktop-title\" aria-selected=\"false\" data-tab=\"2\" role=\"tab\" tabindex=\"-1\" aria-controls=\"elementor-tab-content-1742\" aria-expanded=\"false\">Servicios que Ofrecemos<\/div>\n\t\t\t\t\t\t\t<\/div>\n\t\t\t<div class=\"elementor-tabs-content-wrapper\" role=\"tablist\" aria-orientation=\"vertical\">\n\t\t\t\t\t\t\t\t\t<div class=\"elementor-tab-title elementor-tab-mobile-title\" aria-selected=\"true\" data-tab=\"1\" role=\"tab\" tabindex=\"0\" aria-controls=\"elementor-tab-content-1741\" aria-expanded=\"false\">Proyectos desarrollados<\/div>\n\t\t\t\t\t<div id=\"elementor-tab-content-1741\" class=\"elementor-tab-content elementor-clearfix\" data-tab=\"1\" role=\"tabpanel\" aria-labelledby=\"elementor-tab-title-1741\" tabindex=\"0\" hidden=\"false\">Lorem fistrum por la gloria de mi madre esse jarl aliqua llevame al sircoo. De la pradera ullamco qu\u00e9 dise usteer est\u00e1 la cosa muy malar.<\/div>\n\t\t\t\t\t\t\t\t\t<div class=\"elementor-tab-title elementor-tab-mobile-title\" aria-selected=\"false\" data-tab=\"2\" role=\"tab\" tabindex=\"-1\" aria-controls=\"elementor-tab-content-1742\" aria-expanded=\"false\">Servicios que Ofrecemos<\/div>\n\t\t\t\t\t<div id=\"elementor-tab-content-1742\" class=\"elementor-tab-content elementor-clearfix\" data-tab=\"2\" role=\"tabpanel\" aria-labelledby=\"elementor-tab-title-1742\" tabindex=\"0\" hidden=\"hidden\"><ul><li>Capacitaci\u00f3n y acompa\u00f1amiento en el montaje de huertas urbanas<\/li><li>Capacitaci\u00f3n, recuperaci\u00f3n e innovaci\u00f3n de recetas a partir de lo que se produce en las huertas<\/li><li>Apoyo y asesor\u00eda para el cultivo, uso y transformaci\u00f3n de plantas medicinales<\/li><li>Apoyo en la comercializaci\u00f3n de los excedentes de la huerta<\/li><li>Apoyo y asesor\u00eda en la creaci\u00f3n y consolidaci\u00f3n de redes de agricultores urbanos<\/li><li>Contribuye a posicionar la agricultura urbana como pol\u00edtica p\u00fablica<\/li><\/ul><\/div>\n\t\t\t\t\t\t\t<\/div>\n\t\t<\/div>\n\t\t\t\t<\/div>\n\t\t\t\t<\/div>\n\t\t\t\t\t<\/div>\n\t\t<\/div>\n\t\t\t\t\t\t\t<\/div>\n\t\t<\/section>\n\t\t\t\t\t\t<\/div>\n\t\t\t\t\t<\/div>\n\t\t","protected":false},"excerpt":{"rendered":"<p>Agricultura Urbana CEAMOS est\u00e1 trabajando en agroecolog\u00eda urbana desde el 2004 en Bogot\u00e1 impulsando huertas familiares, escolares y comunitarias.&nbsp; Las huertas apoyan la restauraci\u00f3n suelos &hellip; <\/p>\n","protected":false},"author":1,"featured_media":0,"parent":0,"menu_order":0,"comment_status":"closed","ping_status":"closed","template":"elementor_header_footer","meta":{"footnotes":""},"class_list":["post-89","page","type-page","status-publish","hentry","latest_post"],"_links":{"self":[{"href":"https:\/\/nueva-pagina2021.ceamos.org\/index.php\/wp-json\/wp\/v2\/pages\/89","targetHints":{"allow":["GET"]}}],"collection":[{"href":"https:\/\/nueva-pagina2021.ceamos.org\/index.php\/wp-json\/wp\/v2\/pages"}],"about":[{"href":"https:\/\/nueva-pagina2021.ceamos.org\/index.php\/wp-json\/wp\/v2\/types\/page"}],"author":[{"embeddable":true,"href":"https:\/\/nueva-pagina2021.ceamos.org\/index.php\/wp-json\/wp\/v2\/users\/1"}],"replies":[{"embeddable":true,"href":"https:\/\/nueva-pagina2021.ceamos.org\/index.php\/wp-json\/wp\/v2\/comments?post=89"}],"version-history":[{"count":41,"href":"https:\/\/nueva-pagina2021.ceamos.org\/index.php\/wp-json\/wp\/v2\/pages\/89\/revisions"}],"predecessor-version":[{"id":875,"href":"https:\/\/nueva-pagina2021.ceamos.org\/index.php\/wp-json\/wp\/v2\/pages\/89\/revisions\/875"}],"wp:attachment":[{"href":"https:\/\/nueva-pagina2021.ceamos.org\/index.php\/wp-json\/wp\/v2\/media?parent=89"}],"curies":[{"name":"wp","href":"https:\/\/api.w.org\/{rel}","templated":true}]}}