{"id":90,"date":"2021-11-13T11:24:46","date_gmt":"2021-11-13T11:24:46","guid":{"rendered":"https:\/\/nueva-pagina2021.ceamos.org\/?page_id=90"},"modified":"2021-12-04T12:25:05","modified_gmt":"2021-12-04T12:25:05","slug":"turismo-comunitario","status":"publish","type":"page","link":"https:\/\/nueva-pagina2021.ceamos.org\/index.php\/turismo-comunitario\/","title":{"rendered":"Turismo Comunitario"},"content":{"rendered":"\t\t<div data-elementor-type=\"wp-page\" data-elementor-id=\"90\" class=\"elementor elementor-90\" data-elementor-settings=\"[]\">\n\t\t\t\t\t\t\t<div class=\"elementor-section-wrap\">\n\t\t\t\t\t\t\t<section class=\"elementor-section elementor-top-section elementor-element elementor-element-54436747 elementor-section-stretched elementor-section-full_width elementor-section-height-default elementor-section-height-default\" data-id=\"54436747\" data-element_type=\"section\" data-settings=\"{&quot;stretch_section&quot;:&quot;section-stretched&quot;,&quot;background_background&quot;:&quot;classic&quot;}\">\n\t\t\t\t\t\t\t<div class=\"elementor-background-overlay\"><\/div>\n\t\t\t\t\t\t\t<div class=\"elementor-container elementor-column-gap-default\">\n\t\t\t\t\t<div class=\"elementor-column elementor-col-100 elementor-top-column elementor-element elementor-element-6a27f35f\" data-id=\"6a27f35f\" data-element_type=\"column\">\n\t\t\t<div class=\"elementor-widget-wrap elementor-element-populated\">\n\t\t\t\t\t\t\t\t<div class=\"elementor-element elementor-element-4da117b elementor-widget elementor-widget-spacer\" data-id=\"4da117b\" data-element_type=\"widget\" data-widget_type=\"spacer.default\">\n\t\t\t\t<div class=\"elementor-widget-container\">\n\t\t\t\t\t<div class=\"elementor-spacer\">\n\t\t\t<div class=\"elementor-spacer-inner\"><\/div>\n\t\t<\/div>\n\t\t\t\t<\/div>\n\t\t\t\t<\/div>\n\t\t\t\t<div class=\"elementor-element elementor-element-82e0e27 elementor-widget elementor-widget-heading\" data-id=\"82e0e27\" data-element_type=\"widget\" data-widget_type=\"heading.default\">\n\t\t\t\t<div class=\"elementor-widget-container\">\n\t\t\t<h2 class=\"elementor-heading-title elementor-size-default\">Negocios Verdes y Turismo Comunitario<\/h2>\t\t<\/div>\n\t\t\t\t<\/div>\n\t\t\t\t\t<\/div>\n\t\t<\/div>\n\t\t\t\t\t\t\t<\/div>\n\t\t<\/section>\n\t\t\t\t<section class=\"elementor-section elementor-top-section elementor-element elementor-element-a104b84 elementor-section-stretched elementor-section-boxed elementor-section-height-default elementor-section-height-default\" data-id=\"a104b84\" data-element_type=\"section\" data-settings=\"{&quot;stretch_section&quot;:&quot;section-stretched&quot;,&quot;background_background&quot;:&quot;classic&quot;}\">\n\t\t\t\t\t\t<div class=\"elementor-container elementor-column-gap-default\">\n\t\t\t\t\t<div class=\"elementor-column elementor-col-50 elementor-top-column elementor-element elementor-element-2d05187\" data-id=\"2d05187\" data-element_type=\"column\">\n\t\t\t<div class=\"elementor-widget-wrap elementor-element-populated\">\n\t\t\t\t\t\t\t\t<div class=\"elementor-element elementor-element-897fa60 elementor-widget elementor-widget-spacer\" data-id=\"897fa60\" data-element_type=\"widget\" data-widget_type=\"spacer.default\">\n\t\t\t\t<div class=\"elementor-widget-container\">\n\t\t\t\t\t<div class=\"elementor-spacer\">\n\t\t\t<div class=\"elementor-spacer-inner\"><\/div>\n\t\t<\/div>\n\t\t\t\t<\/div>\n\t\t\t\t<\/div>\n\t\t\t\t<div class=\"elementor-element elementor-element-377f432 elementor-widget elementor-widget-spacer\" data-id=\"377f432\" data-element_type=\"widget\" data-widget_type=\"spacer.default\">\n\t\t\t\t<div class=\"elementor-widget-container\">\n\t\t\t\t\t<div class=\"elementor-spacer\">\n\t\t\t<div class=\"elementor-spacer-inner\"><\/div>\n\t\t<\/div>\n\t\t\t\t<\/div>\n\t\t\t\t<\/div>\n\t\t\t\t<div class=\"elementor-element elementor-element-0cdef56 elementor-widget elementor-widget-text-editor\" data-id=\"0cdef56\" data-element_type=\"widget\" data-widget_type=\"text-editor.default\">\n\t\t\t\t<div class=\"elementor-widget-container\">\n\t\t\t\t\t\t\t<p>La Asociaci\u00f3n ha venido trabajando el turismo comunitario de naturaleza desde el 2007 en la regi\u00f3n del oriente bogotano, en las \u00e1reas vecinas al Parque Nacional Natural Chingaza y en los Cerros Orientales de Bogot\u00e1.<\/p><p>El objetivo ha sido fortalecer los emprendimientos en actividades articuladas al turismo de naturaleza y a la educaci\u00f3n ambiental. Se ha apoyado su fortalecimiento en actividades tales como el senderismo, el avistamiento de aves, la revaloraci\u00f3n y perfeccionamiento de la gastronom\u00eda local y en su organizaci\u00f3n empresarial.<\/p><p>\u00a0<\/p>\t\t\t\t\t\t<\/div>\n\t\t\t\t<\/div>\n\t\t\t\t\t<\/div>\n\t\t<\/div>\n\t\t\t\t<div class=\"elementor-column elementor-col-50 elementor-top-column elementor-element elementor-element-aff9f12\" data-id=\"aff9f12\" data-element_type=\"column\">\n\t\t\t<div class=\"elementor-widget-wrap elementor-element-populated\">\n\t\t\t\t\t\t\t\t<div class=\"elementor-element elementor-element-1e03c37 elementor-widget elementor-widget-spacer\" data-id=\"1e03c37\" data-element_type=\"widget\" data-widget_type=\"spacer.default\">\n\t\t\t\t<div class=\"elementor-widget-container\">\n\t\t\t\t\t<div class=\"elementor-spacer\">\n\t\t\t<div class=\"elementor-spacer-inner\"><\/div>\n\t\t<\/div>\n\t\t\t\t<\/div>\n\t\t\t\t<\/div>\n\t\t\t\t<div class=\"elementor-element elementor-element-c00534e elementor-widget elementor-widget-image\" data-id=\"c00534e\" data-element_type=\"widget\" data-widget_type=\"image.default\">\n\t\t\t\t<div class=\"elementor-widget-container\">\n\t\t\t\t\t\t\t\t\t\t\t\t\t\t\t<img decoding=\"async\" src=\"https:\/\/nueva-pagina2021.ceamos.org\/wp-content\/plugins\/elementor\/assets\/images\/placeholder.png\" title=\"\" alt=\"\" \/>\t\t\t\t\t\t\t\t\t\t\t\t\t\t\t<\/div>\n\t\t\t\t<\/div>\n\t\t\t\t\t<\/div>\n\t\t<\/div>\n\t\t\t\t\t\t\t<\/div>\n\t\t<\/section>\n\t\t\t\t<section class=\"elementor-section elementor-top-section elementor-element elementor-element-d9a88f8 elementor-section-stretched elementor-section-boxed elementor-section-height-default elementor-section-height-default\" data-id=\"d9a88f8\" data-element_type=\"section\" data-settings=\"{&quot;background_background&quot;:&quot;classic&quot;,&quot;stretch_section&quot;:&quot;section-stretched&quot;}\">\n\t\t\t\t\t\t<div class=\"elementor-container elementor-column-gap-default\">\n\t\t\t\t\t<div class=\"elementor-column elementor-col-100 elementor-top-column elementor-element elementor-element-30b142f\" data-id=\"30b142f\" data-element_type=\"column\">\n\t\t\t<div class=\"elementor-widget-wrap elementor-element-populated\">\n\t\t\t\t\t\t\t\t<div class=\"elementor-element elementor-element-8eae19f elementor-widget elementor-widget-spacer\" data-id=\"8eae19f\" data-element_type=\"widget\" data-widget_type=\"spacer.default\">\n\t\t\t\t<div class=\"elementor-widget-container\">\n\t\t\t\t\t<div class=\"elementor-spacer\">\n\t\t\t<div class=\"elementor-spacer-inner\"><\/div>\n\t\t<\/div>\n\t\t\t\t<\/div>\n\t\t\t\t<\/div>\n\t\t\t\t<div class=\"elementor-element elementor-element-c943425 elementor-tabs-view-horizontal elementor-widget elementor-widget-tabs\" data-id=\"c943425\" data-element_type=\"widget\" data-widget_type=\"tabs.default\">\n\t\t\t\t<div class=\"elementor-widget-container\">\n\t\t\t\t\t<div class=\"elementor-tabs\">\n\t\t\t<div class=\"elementor-tabs-wrapper\" role=\"tablist\" >\n\t\t\t\t\t\t\t\t\t<div id=\"elementor-tab-title-2111\" class=\"elementor-tab-title elementor-tab-desktop-title\" aria-selected=\"true\" data-tab=\"1\" role=\"tab\" tabindex=\"0\" aria-controls=\"elementor-tab-content-2111\" aria-expanded=\"false\">Proyectos desarrollados<\/div>\n\t\t\t\t\t\t\t\t\t<div id=\"elementor-tab-title-2112\" class=\"elementor-tab-title elementor-tab-desktop-title\" aria-selected=\"false\" data-tab=\"2\" role=\"tab\" tabindex=\"-1\" aria-controls=\"elementor-tab-content-2112\" aria-expanded=\"false\">Servicios que Ofrecemos<\/div>\n\t\t\t\t\t\t\t<\/div>\n\t\t\t<div class=\"elementor-tabs-content-wrapper\" role=\"tablist\" aria-orientation=\"vertical\">\n\t\t\t\t\t\t\t\t\t<div class=\"elementor-tab-title elementor-tab-mobile-title\" aria-selected=\"true\" data-tab=\"1\" role=\"tab\" tabindex=\"0\" aria-controls=\"elementor-tab-content-2111\" aria-expanded=\"false\">Proyectos desarrollados<\/div>\n\t\t\t\t\t<div id=\"elementor-tab-content-2111\" class=\"elementor-tab-content elementor-clearfix\" data-tab=\"1\" role=\"tabpanel\" aria-labelledby=\"elementor-tab-title-2111\" tabindex=\"0\" hidden=\"false\"><p><a href=\"https:\/\/nueva-pagina2021.ceamos.org\/index.php\/sedero-del-aguila\/\">2005 &#8211; 2021\u00a0 \u00a0CaminoTywa Sika (Cerro del \u00c1guila &#8211; Cerros orienteles de Bogot\u00e1<\/a><br \/><a href=\"https:\/\/nueva-pagina2021.ceamos.org\/index.php\/aviturismo-comunitario\/\">2017\u00a0 \u00a0 \u00a0 \u00a0 \u00a0 \u00a0 \u00a0 \u00a0 Aviturismo y Di\u00e1logo de Saberes (Veredas Masa, Font\u00e9, Rosaroio y la Caja; Municipio de Choach\u00ed)<\/a><br \/><a href=\"https:\/\/nueva-pagina2021.ceamos.org\/index.php\/red-de-caminos-cerros-orientales-de-bogota\/\">2018\u00a0 \u00a0 \u00a0 \u00a0 \u00a0 \u00a0 \u00a0 \u00a0 Red de caminos de los Cerros Orientales de Bogot\u00e1 (Bogot\u00e1)<\/a><br \/><a href=\"https:\/\/nueva-pagina2021.ceamos.org\/index.php\/turismo-comunitario-2\/\">2011\u00a0 \u00a0 \u00a0 \u00a0 \u00a0 \u00a0 \u00a0 \u00a0 \u00a0Fortalecimientodel turiso comunitario con las asociaciones ABSA y MASA FONT\u00c9 (Choach\u00ed)<\/a><br \/><a href=\"https:\/\/nueva-pagina2021.ceamos.org\/index.php\/cascada-mundo-nuevo\/\">2000\u00a0 \u00a0 \u00a0 \u00a0 \u00a0 \u00a0 \u00a0 Proyecto La Cascada (Mundo Nuevo)<\/a><\/p><\/div>\n\t\t\t\t\t\t\t\t\t<div class=\"elementor-tab-title elementor-tab-mobile-title\" aria-selected=\"false\" data-tab=\"2\" role=\"tab\" tabindex=\"-1\" aria-controls=\"elementor-tab-content-2112\" aria-expanded=\"false\">Servicios que Ofrecemos<\/div>\n\t\t\t\t\t<div id=\"elementor-tab-content-2112\" class=\"elementor-tab-content elementor-clearfix\" data-tab=\"2\" role=\"tabpanel\" aria-labelledby=\"elementor-tab-title-2112\" tabindex=\"0\" hidden=\"hidden\"><ul><li>Realizaci\u00f3n de inventarios de recursos y atractivos tur\u00edsticos<\/li><li>Dise\u00f1o participativo y asesor\u00eda en la interpretaci\u00f3n cultural y ambiental de senderos, \u00a0en \u00e1reas naturales<\/li><li>Actualmente estamos incursionando en la investigaci\u00f3n participativa y el desarrollo de capacidades de las comunidades locales para ofrecer el servicio de avistamiento de aves<\/li><li>Identificaci\u00f3n y caracterizaci\u00f3n de potencialidades gastron\u00f3micas y elaboraci\u00f3n y costeo de men\u00fas<\/li><li>Elaboraci\u00f3n de planes de negocios<\/li><\/ul><\/div>\n\t\t\t\t\t\t\t<\/div>\n\t\t<\/div>\n\t\t\t\t<\/div>\n\t\t\t\t<\/div>\n\t\t\t\t\t<\/div>\n\t\t<\/div>\n\t\t\t\t\t\t\t<\/div>\n\t\t<\/section>\n\t\t\t\t\t\t<\/div>\n\t\t\t\t\t<\/div>\n\t\t","protected":false},"excerpt":{"rendered":"<p>Negocios Verdes y Turismo Comunitario La Asociaci\u00f3n ha venido trabajando el turismo comunitario de naturaleza desde el 2007 en la regi\u00f3n del oriente bogotano, en &hellip; <\/p>\n","protected":false},"author":1,"featured_media":0,"parent":0,"menu_order":0,"comment_status":"closed","ping_status":"closed","template":"elementor_header_footer","meta":{"footnotes":""},"class_list":["post-90","page","type-page","status-publish","hentry","latest_post"],"_links":{"self":[{"href":"https:\/\/nueva-pagina2021.ceamos.org\/index.php\/wp-json\/wp\/v2\/pages\/90","targetHints":{"allow":["GET"]}}],"collection":[{"href":"https:\/\/nueva-pagina2021.ceamos.org\/index.php\/wp-json\/wp\/v2\/pages"}],"about":[{"href":"https:\/\/nueva-pagina2021.ceamos.org\/index.php\/wp-json\/wp\/v2\/types\/page"}],"author":[{"embeddable":true,"href":"https:\/\/nueva-pagina2021.ceamos.org\/index.php\/wp-json\/wp\/v2\/users\/1"}],"replies":[{"embeddable":true,"href":"https:\/\/nueva-pagina2021.ceamos.org\/index.php\/wp-json\/wp\/v2\/comments?post=90"}],"version-history":[{"count":79,"href":"https:\/\/nueva-pagina2021.ceamos.org\/index.php\/wp-json\/wp\/v2\/pages\/90\/revisions"}],"predecessor-version":[{"id":871,"href":"https:\/\/nueva-pagina2021.ceamos.org\/index.php\/wp-json\/wp\/v2\/pages\/90\/revisions\/871"}],"wp:attachment":[{"href":"https:\/\/nueva-pagina2021.ceamos.org\/index.php\/wp-json\/wp\/v2\/media?parent=90"}],"curies":[{"name":"wp","href":"https:\/\/api.w.org\/{rel}","templated":true}]}}